{"id":3,"date":"2023-06-02T19:55:49","date_gmt":"2023-06-02T19:55:49","guid":{"rendered":"https:\/\/switchsoluciones.com\/?page_id=3"},"modified":"2024-01-08T17:28:07","modified_gmt":"2024-01-08T17:28:07","slug":"notas","status":"publish","type":"page","link":"https:\/\/switchsoluciones.com\/index.php\/notas\/","title":{"rendered":"NOTAS"},"content":{"rendered":"\t\t<div data-elementor-type=\"wp-page\" data-elementor-id=\"3\" class=\"elementor elementor-3\">\n\t\t\t\t\t\t\t\t\t<section class=\"elementor-section elementor-top-section elementor-element elementor-element-3129fa4 elementor-section-boxed elementor-section-height-default elementor-section-height-default\" data-id=\"3129fa4\" data-element_type=\"section\">\n\t\t\t\t\t\t<div class=\"elementor-container elementor-column-gap-default\">\n\t\t\t\t\t<div class=\"elementor-column elementor-col-100 elementor-top-column elementor-element elementor-element-8539afd\" data-id=\"8539afd\" data-element_type=\"column\">\n\t\t\t<div class=\"elementor-widget-wrap elementor-element-populated\">\n\t\t\t\t\t\t\t\t<div class=\"elementor-element elementor-element-5e9abdd elementor-grid-3 elementor-grid-tablet-2 elementor-grid-mobile-1 elementor-posts--thumbnail-top elementor-card-shadow-yes elementor-posts__hover-gradient elementor-widget elementor-widget-posts\" data-id=\"5e9abdd\" data-element_type=\"widget\" data-settings=\"{&quot;pagination_type&quot;:&quot;numbers_and_prev_next&quot;,&quot;cards_columns&quot;:&quot;3&quot;,&quot;cards_columns_tablet&quot;:&quot;2&quot;,&quot;cards_columns_mobile&quot;:&quot;1&quot;,&quot;cards_row_gap&quot;:{&quot;unit&quot;:&quot;px&quot;,&quot;size&quot;:35,&quot;sizes&quot;:[]},&quot;cards_row_gap_tablet&quot;:{&quot;unit&quot;:&quot;px&quot;,&quot;size&quot;:&quot;&quot;,&quot;sizes&quot;:[]},&quot;cards_row_gap_mobile&quot;:{&quot;unit&quot;:&quot;px&quot;,&quot;size&quot;:&quot;&quot;,&quot;sizes&quot;:[]}}\" data-widget_type=\"posts.cards\">\n\t\t\t\t<div class=\"elementor-widget-container\">\n\t\t\t<link rel=\"stylesheet\" href=\"https:\/\/switchsoluciones.com\/wp-content\/plugins\/elementor-pro-3.12.3\/assets\/css\/widget-posts.min.css\">\t\t<div class=\"elementor-posts-container elementor-posts elementor-posts--skin-cards elementor-grid\">\n\t\t\t\t<article class=\"elementor-post elementor-grid-item post-1022 post type-post status-publish format-standard has-post-thumbnail hentry category-maria-de-las-mercedes-sanchez-buenfil\">\n\t\t\t<div class=\"elementor-post__card\">\n\t\t\t\t<a class=\"elementor-post__thumbnail__link\" href=\"https:\/\/switchsoluciones.com\/index.php\/2023\/12\/30\/proceso-creativo-diseno-de-casas\/\" ><div class=\"elementor-post__thumbnail\"><img fetchpriority=\"high\" decoding=\"async\" width=\"300\" height=\"200\" src=\"https:\/\/switchsoluciones.com\/wp-content\/uploads\/2024\/01\/pexels-photo-8134821-300x200.jpeg\" class=\"attachment-medium size-medium wp-image-1024\" alt=\"\" srcset=\"https:\/\/switchsoluciones.com\/wp-content\/uploads\/2024\/01\/pexels-photo-8134821-300x200.jpeg 300w, https:\/\/switchsoluciones.com\/wp-content\/uploads\/2024\/01\/pexels-photo-8134821-1024x683.jpeg 1024w, https:\/\/switchsoluciones.com\/wp-content\/uploads\/2024\/01\/pexels-photo-8134821-768x512.jpeg 768w, https:\/\/switchsoluciones.com\/wp-content\/uploads\/2024\/01\/pexels-photo-8134821.jpeg 1124w\" sizes=\"(max-width: 300px) 100vw, 300px\" \/><\/div><\/a>\n\t\t\t\t<div class=\"elementor-post__badge\">MARIA DE LAS MERCEDES SANCHEZ BUENFIL<\/div>\n\t\t\t\t<div class=\"elementor-post__text\">\n\t\t\t\t<h3 class=\"elementor-post__title\">\n\t\t\t<a href=\"https:\/\/switchsoluciones.com\/index.php\/2023\/12\/30\/proceso-creativo-diseno-de-casas\/\" >\n\t\t\t\tProceso creativo dise\u00f1o de casas\t\t\t<\/a>\n\t\t<\/h3>\n\t\t\t\t<div class=\"elementor-post__excerpt\">\n\t\t\t<p>Dentro de los requerimientos de nuestro cliente debemos identificar y jerarquizar los espacios seg\u00fan sus necesidades particulares y tambi\u00e9n analizar los espacios existentes en la construcci\u00f3n hist\u00f3rica para poder aprovechar lo m\u00e1ximo de lo que est\u00e1 disponible.<\/p>\n\t\t<\/div>\n\t\t\n\t\t<a class=\"elementor-post__read-more\" href=\"https:\/\/switchsoluciones.com\/index.php\/2023\/12\/30\/proceso-creativo-diseno-de-casas\/\" aria-label=\"M\u00e1s informaci\u00f3n sobre Proceso creativo dise\u00f1o de casas\" >\n\t\t\tLeer m\u00e1s \u00bb\t\t<\/a>\n\n\t\t\t\t<\/div>\n\t\t\t\t\t<\/div>\n\t\t<\/article>\n\t\t\t\t<article class=\"elementor-post elementor-grid-item post-1 post type-post status-publish format-standard has-post-thumbnail hentry category-alan-quintero\">\n\t\t\t<div class=\"elementor-post__card\">\n\t\t\t\t<a class=\"elementor-post__thumbnail__link\" href=\"https:\/\/switchsoluciones.com\/index.php\/2023\/12\/26\/liderazgo\/\" ><div class=\"elementor-post__thumbnail\"><img decoding=\"async\" width=\"300\" height=\"200\" src=\"https:\/\/switchsoluciones.com\/wp-content\/uploads\/2023\/06\/pexels-photo-3778680-300x200.webp\" class=\"attachment-medium size-medium wp-image-984\" alt=\"\" srcset=\"https:\/\/switchsoluciones.com\/wp-content\/uploads\/2023\/06\/pexels-photo-3778680-300x200.webp 300w, https:\/\/switchsoluciones.com\/wp-content\/uploads\/2023\/06\/pexels-photo-3778680-1024x683.webp 1024w, https:\/\/switchsoluciones.com\/wp-content\/uploads\/2023\/06\/pexels-photo-3778680-768x512.webp 768w, https:\/\/switchsoluciones.com\/wp-content\/uploads\/2023\/06\/pexels-photo-3778680.webp 1125w\" sizes=\"(max-width: 300px) 100vw, 300px\" \/><\/div><\/a>\n\t\t\t\t<div class=\"elementor-post__badge\">ALAN QUINTERO<\/div>\n\t\t\t\t<div class=\"elementor-post__text\">\n\t\t\t\t<h3 class=\"elementor-post__title\">\n\t\t\t<a href=\"https:\/\/switchsoluciones.com\/index.php\/2023\/12\/26\/liderazgo\/\" >\n\t\t\t\tLiderazgo sostenible \u00bfparadigma empresarial?\t\t\t<\/a>\n\t\t<\/h3>\n\t\t\t\t<div class=\"elementor-post__excerpt\">\n\t\t\t<p>Son muchas las personas que, despu\u00e9s de participar en diversos programas de estudio sobre la sostenibilidad de negocios e innovaci\u00f3n, reconocen la satisfacci\u00f3n de haber recibido una formaci\u00f3n extensa y transversal.<\/p>\n\t\t<\/div>\n\t\t\n\t\t<a class=\"elementor-post__read-more\" href=\"https:\/\/switchsoluciones.com\/index.php\/2023\/12\/26\/liderazgo\/\" aria-label=\"M\u00e1s informaci\u00f3n sobre Liderazgo sostenible \u00bfparadigma empresarial?\" >\n\t\t\tLeer m\u00e1s \u00bb\t\t<\/a>\n\n\t\t\t\t<\/div>\n\t\t\t\t\t<\/div>\n\t\t<\/article>\n\t\t\t\t<article class=\"elementor-post elementor-grid-item post-997 post type-post status-publish format-standard has-post-thumbnail hentry category-beatriz-castillo\">\n\t\t\t<div class=\"elementor-post__card\">\n\t\t\t\t<a class=\"elementor-post__thumbnail__link\" href=\"https:\/\/switchsoluciones.com\/index.php\/2023\/12\/22\/employer-branding\/\" ><div class=\"elementor-post__thumbnail\"><img decoding=\"async\" width=\"300\" height=\"200\" src=\"https:\/\/switchsoluciones.com\/wp-content\/uploads\/2024\/01\/pexels-photo-1435750-300x200.webp\" class=\"attachment-medium size-medium wp-image-999\" alt=\"\" srcset=\"https:\/\/switchsoluciones.com\/wp-content\/uploads\/2024\/01\/pexels-photo-1435750-300x200.webp 300w, https:\/\/switchsoluciones.com\/wp-content\/uploads\/2024\/01\/pexels-photo-1435750-1024x683.webp 1024w, https:\/\/switchsoluciones.com\/wp-content\/uploads\/2024\/01\/pexels-photo-1435750-768x512.webp 768w, https:\/\/switchsoluciones.com\/wp-content\/uploads\/2024\/01\/pexels-photo-1435750.webp 1124w\" sizes=\"(max-width: 300px) 100vw, 300px\" \/><\/div><\/a>\n\t\t\t\t<div class=\"elementor-post__badge\">BEATRIZ CASTILLO<\/div>\n\t\t\t\t<div class=\"elementor-post__text\">\n\t\t\t\t<h3 class=\"elementor-post__title\">\n\t\t\t<a href=\"https:\/\/switchsoluciones.com\/index.php\/2023\/12\/22\/employer-branding\/\" >\n\t\t\t\tEmployer branding\t\t\t<\/a>\n\t\t<\/h3>\n\t\t\t\t<div class=\"elementor-post__excerpt\">\n\t\t\t<p>Cuando nos encontramos en un proceso de selecci\u00f3n para poder emplearnos o emplear, buscamos en ambas partes,<br \/>\ncompromiso, estabilidad, lealtad.<\/p>\n\t\t<\/div>\n\t\t\n\t\t<a class=\"elementor-post__read-more\" href=\"https:\/\/switchsoluciones.com\/index.php\/2023\/12\/22\/employer-branding\/\" aria-label=\"M\u00e1s informaci\u00f3n sobre Employer branding\" >\n\t\t\tLeer m\u00e1s \u00bb\t\t<\/a>\n\n\t\t\t\t<\/div>\n\t\t\t\t\t<\/div>\n\t\t<\/article>\n\t\t\t\t<article class=\"elementor-post elementor-grid-item post-1014 post type-post status-publish format-standard has-post-thumbnail hentry category-sebastian-aguilar-flaschka\">\n\t\t\t<div class=\"elementor-post__card\">\n\t\t\t\t<a class=\"elementor-post__thumbnail__link\" href=\"https:\/\/switchsoluciones.com\/index.php\/2023\/12\/13\/aristas-del-derecho-electoral-en-mexico\/\" ><div class=\"elementor-post__thumbnail\"><img loading=\"lazy\" decoding=\"async\" width=\"300\" height=\"200\" src=\"https:\/\/switchsoluciones.com\/wp-content\/uploads\/2024\/01\/pexels-photo-1550337-300x200.webp\" class=\"attachment-medium size-medium wp-image-1016\" alt=\"\" srcset=\"https:\/\/switchsoluciones.com\/wp-content\/uploads\/2024\/01\/pexels-photo-1550337-300x200.webp 300w, https:\/\/switchsoluciones.com\/wp-content\/uploads\/2024\/01\/pexels-photo-1550337-1024x683.webp 1024w, https:\/\/switchsoluciones.com\/wp-content\/uploads\/2024\/01\/pexels-photo-1550337-768x512.webp 768w, https:\/\/switchsoluciones.com\/wp-content\/uploads\/2024\/01\/pexels-photo-1550337.webp 1125w\" sizes=\"(max-width: 300px) 100vw, 300px\" \/><\/div><\/a>\n\t\t\t\t<div class=\"elementor-post__badge\">SEBASTIAN AGUILAR FLASCHKA<\/div>\n\t\t\t\t<div class=\"elementor-post__text\">\n\t\t\t\t<h3 class=\"elementor-post__title\">\n\t\t\t<a href=\"https:\/\/switchsoluciones.com\/index.php\/2023\/12\/13\/aristas-del-derecho-electoral-en-mexico\/\" >\n\t\t\t\tAristas del derecho electoral en M\u00e9xico\t\t\t<\/a>\n\t\t<\/h3>\n\t\t\t\t<div class=\"elementor-post__excerpt\">\n\t\t\t<p>El derecho electoral en M\u00e9xico se ha abierto camino en un lapso parcialmente corto, esto no es precisamente por factores del todo positivos, sino por la generaci\u00f3n de pol\u00e9mica.<\/p>\n\t\t<\/div>\n\t\t\n\t\t<a class=\"elementor-post__read-more\" href=\"https:\/\/switchsoluciones.com\/index.php\/2023\/12\/13\/aristas-del-derecho-electoral-en-mexico\/\" aria-label=\"M\u00e1s informaci\u00f3n sobre Aristas del derecho electoral en M\u00e9xico\" >\n\t\t\tLeer m\u00e1s \u00bb\t\t<\/a>\n\n\t\t\t\t<\/div>\n\t\t\t\t\t<\/div>\n\t\t<\/article>\n\t\t\t\t<article class=\"elementor-post elementor-grid-item post-1010 post type-post status-publish format-standard has-post-thumbnail hentry category-maria-de-las-mercedes-sanchez-buenfil\">\n\t\t\t<div class=\"elementor-post__card\">\n\t\t\t\t<a class=\"elementor-post__thumbnail__link\" href=\"https:\/\/switchsoluciones.com\/index.php\/2023\/11\/17\/ya-tenemos-el-predio\/\" ><div class=\"elementor-post__thumbnail\"><img loading=\"lazy\" decoding=\"async\" width=\"300\" height=\"200\" src=\"https:\/\/switchsoluciones.com\/wp-content\/uploads\/2024\/01\/free-photo-of-ciudad-edificio-oficina-arquitectura-300x200.jpeg\" class=\"attachment-medium size-medium wp-image-1012\" alt=\"\" srcset=\"https:\/\/switchsoluciones.com\/wp-content\/uploads\/2024\/01\/free-photo-of-ciudad-edificio-oficina-arquitectura-300x200.jpeg 300w, https:\/\/switchsoluciones.com\/wp-content\/uploads\/2024\/01\/free-photo-of-ciudad-edificio-oficina-arquitectura-1024x683.jpeg 1024w, https:\/\/switchsoluciones.com\/wp-content\/uploads\/2024\/01\/free-photo-of-ciudad-edificio-oficina-arquitectura-768x512.jpeg 768w, https:\/\/switchsoluciones.com\/wp-content\/uploads\/2024\/01\/free-photo-of-ciudad-edificio-oficina-arquitectura.jpeg 1124w\" sizes=\"(max-width: 300px) 100vw, 300px\" \/><\/div><\/a>\n\t\t\t\t<div class=\"elementor-post__badge\">MARIA DE LAS MERCEDES SANCHEZ BUENFIL<\/div>\n\t\t\t\t<div class=\"elementor-post__text\">\n\t\t\t\t<h3 class=\"elementor-post__title\">\n\t\t\t<a href=\"https:\/\/switchsoluciones.com\/index.php\/2023\/11\/17\/ya-tenemos-el-predio\/\" >\n\t\t\t\t\u00a1Ya tenemos el predio!\t\t\t<\/a>\n\t\t<\/h3>\n\t\t\t\t<div class=\"elementor-post__excerpt\">\n\t\t\t<p>\u00a1Bueno pues a celebrar! Ya tenemos el predio comprado y escriturado al cliente para desarrollar el proyecto.<\/p>\n\t\t<\/div>\n\t\t\n\t\t<a class=\"elementor-post__read-more\" href=\"https:\/\/switchsoluciones.com\/index.php\/2023\/11\/17\/ya-tenemos-el-predio\/\" aria-label=\"M\u00e1s informaci\u00f3n sobre \u00a1Ya tenemos el predio!\" >\n\t\t\tLeer m\u00e1s \u00bb\t\t<\/a>\n\n\t\t\t\t<\/div>\n\t\t\t\t\t<\/div>\n\t\t<\/article>\n\t\t\t\t<article class=\"elementor-post elementor-grid-item post-989 post type-post status-publish format-standard has-post-thumbnail hentry category-alan-quintero\">\n\t\t\t<div class=\"elementor-post__card\">\n\t\t\t\t<a class=\"elementor-post__thumbnail__link\" href=\"https:\/\/switchsoluciones.com\/index.php\/2023\/11\/08\/los-mejores-tips-de-liderazgo-en-2023\/\" ><div class=\"elementor-post__thumbnail\"><img loading=\"lazy\" decoding=\"async\" width=\"300\" height=\"200\" src=\"https:\/\/switchsoluciones.com\/wp-content\/uploads\/2024\/01\/pexels-photo-8872221-300x200.webp\" class=\"attachment-medium size-medium wp-image-991\" alt=\"\" srcset=\"https:\/\/switchsoluciones.com\/wp-content\/uploads\/2024\/01\/pexels-photo-8872221-300x200.webp 300w, https:\/\/switchsoluciones.com\/wp-content\/uploads\/2024\/01\/pexels-photo-8872221-1024x683.webp 1024w, https:\/\/switchsoluciones.com\/wp-content\/uploads\/2024\/01\/pexels-photo-8872221-768x512.webp 768w, https:\/\/switchsoluciones.com\/wp-content\/uploads\/2024\/01\/pexels-photo-8872221.webp 1124w\" sizes=\"(max-width: 300px) 100vw, 300px\" \/><\/div><\/a>\n\t\t\t\t<div class=\"elementor-post__badge\">ALAN QUINTERO<\/div>\n\t\t\t\t<div class=\"elementor-post__text\">\n\t\t\t\t<h3 class=\"elementor-post__title\">\n\t\t\t<a href=\"https:\/\/switchsoluciones.com\/index.php\/2023\/11\/08\/los-mejores-tips-de-liderazgo-en-2023\/\" >\n\t\t\t\tLos mejores tips de liderazgo en 2023\t\t\t<\/a>\n\t\t<\/h3>\n\t\t\t\t<div class=\"elementor-post__excerpt\">\n\t\t\t<p>En el mundo laboral existe una amplia gama de gustos y necesidades a los que se enfrentan las empresas, uno de ellos es la diversidad generacional que hay dentro de cada equipo de trabajo en las empresas.<\/p>\n\t\t<\/div>\n\t\t\n\t\t<a class=\"elementor-post__read-more\" href=\"https:\/\/switchsoluciones.com\/index.php\/2023\/11\/08\/los-mejores-tips-de-liderazgo-en-2023\/\" aria-label=\"M\u00e1s informaci\u00f3n sobre Los mejores tips de liderazgo en 2023\" >\n\t\t\tLeer m\u00e1s \u00bb\t\t<\/a>\n\n\t\t\t\t<\/div>\n\t\t\t\t\t<\/div>\n\t\t<\/article>\n\t\t\t\t<article class=\"elementor-post elementor-grid-item post-1018 post type-post status-publish format-standard has-post-thumbnail hentry category-sebastian-aguilar-flaschka\">\n\t\t\t<div class=\"elementor-post__card\">\n\t\t\t\t<a class=\"elementor-post__thumbnail__link\" href=\"https:\/\/switchsoluciones.com\/index.php\/2023\/11\/04\/partidos-politicos-su-importancia-en-la-democracia\/\" ><div class=\"elementor-post__thumbnail\"><img loading=\"lazy\" decoding=\"async\" width=\"300\" height=\"200\" src=\"https:\/\/switchsoluciones.com\/wp-content\/uploads\/2024\/01\/pexels-photo-8850706-300x200.webp\" class=\"attachment-medium size-medium wp-image-1020\" alt=\"\" srcset=\"https:\/\/switchsoluciones.com\/wp-content\/uploads\/2024\/01\/pexels-photo-8850706-300x200.webp 300w, https:\/\/switchsoluciones.com\/wp-content\/uploads\/2024\/01\/pexels-photo-8850706-1024x683.webp 1024w, https:\/\/switchsoluciones.com\/wp-content\/uploads\/2024\/01\/pexels-photo-8850706-768x512.webp 768w, https:\/\/switchsoluciones.com\/wp-content\/uploads\/2024\/01\/pexels-photo-8850706.webp 1125w\" sizes=\"(max-width: 300px) 100vw, 300px\" \/><\/div><\/a>\n\t\t\t\t<div class=\"elementor-post__badge\">SEBASTIAN AGUILAR FLASCHKA<\/div>\n\t\t\t\t<div class=\"elementor-post__text\">\n\t\t\t\t<h3 class=\"elementor-post__title\">\n\t\t\t<a href=\"https:\/\/switchsoluciones.com\/index.php\/2023\/11\/04\/partidos-politicos-su-importancia-en-la-democracia\/\" >\n\t\t\t\tPartidos pol\u00edticos, su importancia en la democracia\t\t\t<\/a>\n\t\t<\/h3>\n\t\t\t\t<div class=\"elementor-post__excerpt\">\n\t\t\t<p>Hoy en d\u00eda, m\u00e1s que nunca la poblaci\u00f3n mundial vive en democracia. Por lo tanto, es m\u00e1s urgente comprender c\u00f3mo funciona la democracia y evaluar qu\u00e9 tan bien desempe\u00f1a las funciones que se le atribuyen&#8230;<\/p>\n\t\t<\/div>\n\t\t\n\t\t<a class=\"elementor-post__read-more\" href=\"https:\/\/switchsoluciones.com\/index.php\/2023\/11\/04\/partidos-politicos-su-importancia-en-la-democracia\/\" aria-label=\"M\u00e1s informaci\u00f3n sobre Partidos pol\u00edticos, su importancia en la democracia\" >\n\t\t\tLeer m\u00e1s \u00bb\t\t<\/a>\n\n\t\t\t\t<\/div>\n\t\t\t\t\t<\/div>\n\t\t<\/article>\n\t\t\t\t<article class=\"elementor-post elementor-grid-item post-993 post type-post status-publish format-standard has-post-thumbnail hentry category-alejandro-andrade\">\n\t\t\t<div class=\"elementor-post__card\">\n\t\t\t\t<a class=\"elementor-post__thumbnail__link\" href=\"https:\/\/switchsoluciones.com\/index.php\/2023\/10\/29\/cempasuchil\/\" ><div class=\"elementor-post__thumbnail\"><img loading=\"lazy\" decoding=\"async\" width=\"300\" height=\"200\" src=\"https:\/\/switchsoluciones.com\/wp-content\/uploads\/2024\/01\/free-photo-of-comida-amor-noche-flores-300x200.jpeg\" class=\"attachment-medium size-medium wp-image-995\" alt=\"\" srcset=\"https:\/\/switchsoluciones.com\/wp-content\/uploads\/2024\/01\/free-photo-of-comida-amor-noche-flores-300x200.jpeg 300w, https:\/\/switchsoluciones.com\/wp-content\/uploads\/2024\/01\/free-photo-of-comida-amor-noche-flores-1024x683.jpeg 1024w, https:\/\/switchsoluciones.com\/wp-content\/uploads\/2024\/01\/free-photo-of-comida-amor-noche-flores-768x512.jpeg 768w, https:\/\/switchsoluciones.com\/wp-content\/uploads\/2024\/01\/free-photo-of-comida-amor-noche-flores.jpeg 1125w\" sizes=\"(max-width: 300px) 100vw, 300px\" \/><\/div><\/a>\n\t\t\t\t<div class=\"elementor-post__badge\">ALEJANDRO ANDRADE<\/div>\n\t\t\t\t<div class=\"elementor-post__text\">\n\t\t\t\t<h3 class=\"elementor-post__title\">\n\t\t\t<a href=\"https:\/\/switchsoluciones.com\/index.php\/2023\/10\/29\/cempasuchil\/\" >\n\t\t\t\tCempasuchil\t\t\t<\/a>\n\t\t<\/h3>\n\t\t\t\t<div class=\"elementor-post__excerpt\">\n\t\t\t<p>El cultivo de cempas\u00fachil en huertos urbanos: Un legado vivo de tradici\u00f3n<\/p>\n\t\t<\/div>\n\t\t\n\t\t<a class=\"elementor-post__read-more\" href=\"https:\/\/switchsoluciones.com\/index.php\/2023\/10\/29\/cempasuchil\/\" aria-label=\"M\u00e1s informaci\u00f3n sobre Cempasuchil\" >\n\t\t\tLeer m\u00e1s \u00bb\t\t<\/a>\n\n\t\t\t\t<\/div>\n\t\t\t\t\t<\/div>\n\t\t<\/article>\n\t\t\t\t<article class=\"elementor-post elementor-grid-item post-1001 post type-post status-publish format-standard has-post-thumbnail hentry category-luis-adrian-castillo\">\n\t\t\t<div class=\"elementor-post__card\">\n\t\t\t\t<a class=\"elementor-post__thumbnail__link\" href=\"https:\/\/switchsoluciones.com\/index.php\/2023\/10\/25\/duela-de-bambu\/\" ><div class=\"elementor-post__thumbnail\"><img loading=\"lazy\" decoding=\"async\" width=\"300\" height=\"200\" src=\"https:\/\/switchsoluciones.com\/wp-content\/uploads\/2024\/01\/pexels-photo-5178088-300x200.jpeg\" class=\"attachment-medium size-medium wp-image-1003\" alt=\"\" srcset=\"https:\/\/switchsoluciones.com\/wp-content\/uploads\/2024\/01\/pexels-photo-5178088-300x200.jpeg 300w, https:\/\/switchsoluciones.com\/wp-content\/uploads\/2024\/01\/pexels-photo-5178088-1024x683.jpeg 1024w, https:\/\/switchsoluciones.com\/wp-content\/uploads\/2024\/01\/pexels-photo-5178088-768x512.jpeg 768w, https:\/\/switchsoluciones.com\/wp-content\/uploads\/2024\/01\/pexels-photo-5178088.jpeg 1125w\" sizes=\"(max-width: 300px) 100vw, 300px\" \/><\/div><\/a>\n\t\t\t\t<div class=\"elementor-post__badge\">LUIS ADRI\u00c1N CASTILLO<\/div>\n\t\t\t\t<div class=\"elementor-post__text\">\n\t\t\t\t<h3 class=\"elementor-post__title\">\n\t\t\t<a href=\"https:\/\/switchsoluciones.com\/index.php\/2023\/10\/25\/duela-de-bambu\/\" >\n\t\t\t\tDuela de bamb\u00fa\t\t\t<\/a>\n\t\t<\/h3>\n\t\t\t\t<div class=\"elementor-post__excerpt\">\n\t\t\t<p>Los pisos de bamb\u00fa tienen muchas de las mismas ventajas y desventajas que los pisos de madera dura. El bamb\u00fa, como los pisos de madera, es un material natural atractivo que generalmente aumenta el valor de una casa.<\/p>\n\t\t<\/div>\n\t\t\n\t\t<a class=\"elementor-post__read-more\" href=\"https:\/\/switchsoluciones.com\/index.php\/2023\/10\/25\/duela-de-bambu\/\" aria-label=\"M\u00e1s informaci\u00f3n sobre Duela de bamb\u00fa\" >\n\t\t\tLeer m\u00e1s \u00bb\t\t<\/a>\n\n\t\t\t\t<\/div>\n\t\t\t\t\t<\/div>\n\t\t<\/article>\n\t\t\t\t<\/div>\n\t\t\n\t\t\t\t<div class=\"e-load-more-anchor\" data-page=\"1\" data-max-page=\"2\" data-next-page=\"https:\/\/switchsoluciones.com\/index.php\/wp-json\/wp\/v2\/pages\/3\/page\/2\/\"><\/div>\n\t\t\t\t<nav class=\"elementor-pagination\" aria-label=\"Paginaci\u00f3n\">\n\t\t\t<span class=\"page-numbers prev\">&laquo; Anterior<\/span>\n<span aria-current=\"page\" class=\"page-numbers current\"><span class=\"elementor-screen-only\">P\u00e1gina<\/span>1<\/span>\n<a class=\"page-numbers\" href=\"https:\/\/switchsoluciones.com\/index.php\/wp-json\/wp\/v2\/pages\/3\/page\/2\/\"><span class=\"elementor-screen-only\">P\u00e1gina<\/span>2<\/a>\n<a class=\"page-numbers next\" href=\"https:\/\/switchsoluciones.com\/index.php\/wp-json\/wp\/v2\/pages\/3\/page\/2\/\">Siguiente &raquo;<\/a>\t\t<\/nav>\n\t\t\t\t<\/div>\n\t\t\t\t<\/div>\n\t\t\t\t\t<\/div>\n\t\t<\/div>\n\t\t\t\t\t\t\t<\/div>\n\t\t<\/section>\n\t\t\t\t\t\t\t<\/div>\n\t\t","protected":false},"excerpt":{"rendered":"","protected":false},"author":1,"featured_media":0,"parent":0,"menu_order":0,"comment_status":"closed","ping_status":"closed","template":"","meta":{"site-sidebar-layout":"no-sidebar","site-content-layout":"page-builder","ast-global-header-display":"","ast-banner-title-visibility":"","ast-main-header-display":"","ast-hfb-above-header-display":"","ast-hfb-below-header-display":"","ast-hfb-mobile-header-display":"","site-post-title":"disabled","ast-breadcrumbs-content":"","ast-featured-img":"disabled","footer-sml-layout":"","theme-transparent-header-meta":"","adv-header-id-meta":"","stick-header-meta":"","header-above-stick-meta":"","header-main-stick-meta":"","header-below-stick-meta":"","footnotes":""},"class_list":["post-3","page","type-page","status-publish","hentry"],"_links":{"self":[{"href":"https:\/\/switchsoluciones.com\/index.php\/wp-json\/wp\/v2\/pages\/3","targetHints":{"allow":["GET"]}}],"collection":[{"href":"https:\/\/switchsoluciones.com\/index.php\/wp-json\/wp\/v2\/pages"}],"about":[{"href":"https:\/\/switchsoluciones.com\/index.php\/wp-json\/wp\/v2\/types\/page"}],"author":[{"embeddable":true,"href":"https:\/\/switchsoluciones.com\/index.php\/wp-json\/wp\/v2\/users\/1"}],"replies":[{"embeddable":true,"href":"https:\/\/switchsoluciones.com\/index.php\/wp-json\/wp\/v2\/comments?post=3"}],"version-history":[{"count":7,"href":"https:\/\/switchsoluciones.com\/index.php\/wp-json\/wp\/v2\/pages\/3\/revisions"}],"predecessor-version":[{"id":988,"href":"https:\/\/switchsoluciones.com\/index.php\/wp-json\/wp\/v2\/pages\/3\/revisions\/988"}],"wp:attachment":[{"href":"https:\/\/switchsoluciones.com\/index.php\/wp-json\/wp\/v2\/media?parent=3"}],"curies":[{"name":"wp","href":"https:\/\/api.w.org\/{rel}","templated":true}]}}